{"id":16,"date":"2014-04-27T17:28:48","date_gmt":"2014-04-27T15:28:48","guid":{"rendered":"http:\/\/www.judo-poznan.pl\/?page_id=16"},"modified":"2014-08-24T19:50:37","modified_gmt":"2014-08-24T17:50:37","slug":"dlaczego-my","status":"publish","type":"page","link":"http:\/\/www.judo-poznan.pl\/?page_id=16","title":{"rendered":"Dlaczego Olimpia?"},"content":{"rendered":"<ul>\n<li>Mamy opracowany przyjazny i bezpieczny program dla \u0107wicz\u0105cych na r\u00f3\u017cnych poziomach zaawansowania (wypracowany na podstawie 40-letniej dzia\u0142alno\u015bci).<\/li>\n<li>Posiadamy wykwalifikowan\u0105 kadr\u0119 trenersk\u0105, kt\u00f3ra wiele czasu przeznacza\u00a0 na wspania\u0142\u0105 zabaw\u0119 oraz adaptacj\u0119 m\u0142odych judok\u00f3w w grupie. Zaj\u0119cia dla najm\u0142odszych\u00a0 prowadzone s\u0105 wy\u0142\u0105cznie przez wykwalifikowanych pedagog\u00f3w z wieloletnim sta\u017cem w pracy z ma\u0142ymi dzie\u0107mi. Zwracamy uwag\u0119 nie tylko na rozw\u00f3j fizyczny ale tak\u017ce psychiczny\u00a0 i spo\u0142eczny ma\u0142ego sportowca.<\/li>\n<li>Twoje dziecko pozna elementy judo przy okazji zabaw z elementami rywalizacji.<\/li>\n<li>Trenerzy prowadz\u0105 \u0107wiczenia korekcyjne i podnosz\u0105 og\u00f3ln\u0105 sprawno\u015b\u0107 Twojego dziecka.<\/li>\n<li>Organizujemy obozy sportowe, na kt\u00f3rych Twoje dziecko podniesie swoje umiej\u0119tno\u015bci oraz b\u0119dzie si\u0119 dobrze bawi\u0107! (pod czujnym okiem trener\u00f3w).<\/li>\n<li>Jeste\u015bmy wsp\u00f3\u0142organizatorem zawod\u00f3w pod patronatem Okr\u0119gowego Zwi\u0105zku Judo.<\/li>\n<li>Rodzice mog\u0105 ogl\u0105da\u0107 treningi kontroluj\u0105c post\u0119p swoich pociech. Przed i po zaj\u0119ciach istnieje mo\u017cliwo\u015b\u0107 osobistego kontaktu z prowadz\u0105cym.<\/li>\n<li>Doskona\u0142a lokalizacja \u2013 dojazd autobusem i tramwajem\u00a0 z ka\u017cdego miejsca w Poznaniu. Dla poruszaj\u0105cych si\u0119 w\u0142asnym pojazdem oferujemy mo\u017cliwo\u015b\u0107 nieodp\u0142atnego parkowania.<\/li>\n<\/ul>\n","protected":false},"excerpt":{"rendered":"<p>Mamy opracowany przyjazny i bezpieczny program dla \u0107wicz\u0105cych na r\u00f3\u017cnych poziomach zaawansowania (wypracowany na podstawie 40-letniej dzia\u0142alno\u015bci). Posiadamy wykwalifikowan\u0105 kadr\u0119 trenersk\u0105, kt\u00f3ra wiele czasu przeznacza\u00a0 na wspania\u0142\u0105 zabaw\u0119 oraz adaptacj\u0119 m\u0142odych judok\u00f3w w grupie. Zaj\u0119cia dla najm\u0142odszych\u00a0 prowadzone s\u0105 wy\u0142\u0105cznie przez wykwalifikowanych pedagog\u00f3w z wieloletnim sta\u017cem w pracy z ma\u0142ymi dzie\u0107mi. Zwracamy uwag\u0119 nie tylko [&hellip;]<\/p>\n","protected":false},"author":1,"featured_media":0,"parent":403,"menu_order":0,"comment_status":"closed","ping_status":"closed","template":"","meta":[],"_links":{"self":[{"href":"http:\/\/www.judo-poznan.pl\/index.php?rest_route=\/wp\/v2\/pages\/16"}],"collection":[{"href":"http:\/\/www.judo-poznan.pl\/index.php?rest_route=\/wp\/v2\/pages"}],"about":[{"href":"http:\/\/www.judo-poznan.pl\/index.php?rest_route=\/wp\/v2\/types\/page"}],"author":[{"embeddable":true,"href":"http:\/\/www.judo-poznan.pl\/index.php?rest_route=\/wp\/v2\/users\/1"}],"replies":[{"embeddable":true,"href":"http:\/\/www.judo-poznan.pl\/index.php?rest_route=%2Fwp%2Fv2%2Fcomments&post=16"}],"version-history":[{"count":4,"href":"http:\/\/www.judo-poznan.pl\/index.php?rest_route=\/wp\/v2\/pages\/16\/revisions"}],"predecessor-version":[{"id":744,"href":"http:\/\/www.judo-poznan.pl\/index.php?rest_route=\/wp\/v2\/pages\/16\/revisions\/744"}],"up":[{"embeddable":true,"href":"http:\/\/www.judo-poznan.pl\/index.php?rest_route=\/wp\/v2\/pages\/403"}],"wp:attachment":[{"href":"http:\/\/www.judo-poznan.pl\/index.php?rest_route=%2Fwp%2Fv2%2Fmedia&parent=16"}],"curies":[{"name":"wp","href":"https:\/\/api.w.org\/{rel}","templated":true}]}}