{"id":18,"date":"2014-04-27T17:29:00","date_gmt":"2014-04-27T15:29:00","guid":{"rendered":"http:\/\/www.judo-poznan.pl\/?page_id=18"},"modified":"2014-08-24T20:02:00","modified_gmt":"2014-08-24T18:02:00","slug":"opinie","status":"publish","type":"page","link":"http:\/\/www.judo-poznan.pl\/?page_id=18","title":{"rendered":"Opinie dzieciak\u00f3w"},"content":{"rendered":"<p>DLACZEGO LUBICIE NASZE TRENINGI?<\/p>\n<p><strong>Natalia (lat 4,5): <\/strong><\/p>\n<p>&#8222;\u2026Bo jest bieganie i fiko\u0142ki. Lubi\u0119 trenera bo jest spokojny. Chcia\u0142abym przychodzi\u0107 du\u017co\u2026 &#8221;<\/p>\n<p><strong>Tata Natali:<\/strong><\/p>\n<p>&#8222;\u2026Mo\u017cna spo\u017cytkowa\u0107 energi\u0119 dziecka, kt\u00f3rej jest cz\u0119sto\u00a0 bardzo du\u017co, podczas\u00a0 treningu. Poza tym og\u00f3lnorozwoj\u00f3wka pozwala si\u0119 dziecku lepiej rozwin\u0105\u0107. Z naszego przedszkola na treningi chodzi 3 dzieci&#8230;&#8221;<\/p>\n<p><strong>Fryderyk (lat 5):<\/strong><\/p>\n<p>\u201e\u2026Bo jest fajnie, mo\u017cna biega\u0107 albo si\u0119 w co\u015b innego bawi\u0107 np. w berka\u2026\u201d<\/p>\n<p><strong>Ignacy (lat 4):<\/strong><\/p>\n<p>\u201e\u2026Fiko\u0142ki potrafi\u0119 robi\u0107, tu si\u0119 nauczy\u0142em. Chwyt\u00f3w nowych te\u017c\u2026\u201d<\/p>\n<p><strong>Mama Fryderyka i Ignacego:<\/strong><\/p>\n<p>\u201e \u2026Naprawd\u0119 warto, dzieci bardzo lubi\u0105 zaj\u0119cia, jak id\u0105 na judo to ca\u0142e przedszkole wie, \u017ce id\u0105 na trening. Jest tu fajna praca w grupie i nauka dyscypliny, trener ma bardzo dobre podej\u015bcie do dzieci\u2026\u201d.<\/p>\n<p><strong>Ma\u0142gosia (lat 9):<\/strong><\/p>\n<p>\u201e\u2026Bo rozci\u0105gn\u0119 si\u0119 i s\u0105 fajne \u0107wiczenia. Jak si\u0119 uda to przychodz\u0119 trzy razy w tygodniu. Nauczy\u0142am si\u0119 robi\u0107 mostek i r\u00f3\u017cne chwyty judo. Dzieci powinny \u0107wiczy\u0107, bo jest fajnie\u2026 \u201d.<\/p>\n<p><strong>Tata Ma\u0142gosi:<\/strong><\/p>\n<p>\u201e Na treningu jest du\u017co \u0107wicze\u0144 og\u00f3lnorozwojowych, kt\u00f3re rozwijaj\u0105 sprawno\u015b\u0107 dzieci i to, czego teraz si\u0119 naucz\u0105, procentuje w przysz\u0142o\u015bci tak\u017ce w innych sportach. Dziecko b\u0119dzie odporne na jakiekolwiek urazy, \u0142atwiej\u00a0 b\u0119dzie sobie radzi\u0142o w szkole, na wf-e i w \u017cyciu\u2026<\/p>\n<p>Kiedy\u015b le\u017ca\u0142em na kanapie przed TV, a teraz wo\u017c\u0119 c\u00f3rk\u0119 na trening \u201d<\/p>\n<p><strong>Tata Macka (lat 5,5):<\/strong><\/p>\n<p>\u201e\u2026 Ka\u017cda forma ruchu jest dla dziecka dobra. Pi\u0142ka no\u017cna jest komercyjna. Sam kiedy\u015b trenowa\u0142em karate . Niech syn si\u0119 z kolegami troch\u0119 pomocuje i zobaczy jak to jest\u2026<\/p>\n<p>Warto zapisa\u0107 ju\u017c przedszkolaka, judo to \u015bwietny rozw\u00f3j dla dziecka\u2026\u201d<\/p>\n<p><strong>Tata Uli:<\/strong><\/p>\n<p>\u201e\u2026 W dzisiejszych czasach dzieci maj\u0105 niedostatek zabaw ruchowych i zaj\u0119\u0107 sportowych, dlatego\u00a0 trzeba im dostarcza\u0107 ruch dodatkowo. Warto zainteresowa\u0107\u00a0 sportem dziecko ju\u017c w przedszkolu. C\u00f3rka jest szcz\u0119\u015bliwa gdy mo\u017ce wsp\u00f3\u0142zawodniczy\u0107 z innymi w grupie. Dziecko jest bardziej sprawne, a to mo\u017ce przyda\u0107 si\u0119 w przysz\u0142o\u015bci. Wol\u0119 jecha\u0107 z Ulk\u0105 na trening judo ni\u017c pokaza\u0107 jej bajk\u0119 w TV\u2026.\u201d<\/p>\n<p><strong>Ula lat (4,5):<\/strong><\/p>\n<p>\u201e\u2026Lubi\u0119 skakanie na jednej nodze, fiko\u0142ki, zabaw\u0119 w wilki i owce (w berka) oraz skakanie si\u0119 na wielkie materace \u2026 \u201d<\/p>\n","protected":false},"excerpt":{"rendered":"<p>DLACZEGO LUBICIE NASZE TRENINGI? Natalia (lat 4,5): &#8222;\u2026Bo jest bieganie i fiko\u0142ki. Lubi\u0119 trenera bo jest spokojny. Chcia\u0142abym przychodzi\u0107 du\u017co\u2026 &#8221; Tata Natali: &#8222;\u2026Mo\u017cna spo\u017cytkowa\u0107 energi\u0119 dziecka, kt\u00f3rej jest cz\u0119sto\u00a0 bardzo du\u017co, podczas\u00a0 treningu. Poza tym og\u00f3lnorozwoj\u00f3wka pozwala si\u0119 dziecku lepiej rozwin\u0105\u0107. Z naszego przedszkola na treningi chodzi 3 dzieci&#8230;&#8221; Fryderyk (lat 5): \u201e\u2026Bo jest [&hellip;]<\/p>\n","protected":false},"author":1,"featured_media":0,"parent":403,"menu_order":0,"comment_status":"closed","ping_status":"closed","template":"","meta":[],"_links":{"self":[{"href":"http:\/\/www.judo-poznan.pl\/index.php?rest_route=\/wp\/v2\/pages\/18"}],"collection":[{"href":"http:\/\/www.judo-poznan.pl\/index.php?rest_route=\/wp\/v2\/pages"}],"about":[{"href":"http:\/\/www.judo-poznan.pl\/index.php?rest_route=\/wp\/v2\/types\/page"}],"author":[{"embeddable":true,"href":"http:\/\/www.judo-poznan.pl\/index.php?rest_route=\/wp\/v2\/users\/1"}],"replies":[{"embeddable":true,"href":"http:\/\/www.judo-poznan.pl\/index.php?rest_route=%2Fwp%2Fv2%2Fcomments&post=18"}],"version-history":[{"count":3,"href":"http:\/\/www.judo-poznan.pl\/index.php?rest_route=\/wp\/v2\/pages\/18\/revisions"}],"predecessor-version":[{"id":753,"href":"http:\/\/www.judo-poznan.pl\/index.php?rest_route=\/wp\/v2\/pages\/18\/revisions\/753"}],"up":[{"embeddable":true,"href":"http:\/\/www.judo-poznan.pl\/index.php?rest_route=\/wp\/v2\/pages\/403"}],"wp:attachment":[{"href":"http:\/\/www.judo-poznan.pl\/index.php?rest_route=%2Fwp%2Fv2%2Fmedia&parent=18"}],"curies":[{"name":"wp","href":"https:\/\/api.w.org\/{rel}","templated":true}]}}