{"id":24,"date":"2014-04-27T17:29:37","date_gmt":"2014-04-27T15:29:37","guid":{"rendered":"http:\/\/www.judo-poznan.pl\/?page_id=24"},"modified":"2024-08-31T14:52:58","modified_gmt":"2024-08-31T12:52:58","slug":"kadra-trenerow","status":"publish","type":"page","link":"http:\/\/www.judo-poznan.pl\/?page_id=24","title":{"rendered":"Kadra trener\u00f3w"},"content":{"rendered":"<p>Pozna\u0144ski Klub Sportowy Olimpia zatrudnia trener\u00f3w posiadaj\u0105cych wieloletnie do\u015bwiadczenie i w\u0142asne osi\u0105gni\u0119cia w judo:<\/p>\n<p>&nbsp;<\/p>\n<p><strong>MARIUSZ GRO\u0143SKI <\/strong>\u00a0&#8211; absolwent Politechniki Pozna\u0144skiej, instruktor judo pierwszej klasy, wychowanek klubu Olimpia Pozna\u0144, zatrudniony od 1985r. prowadzi szkolenie m\u0142odzik\u00f3w, junior\u00f3w i senior\u00f3w kadry klubu oraz dzieci.<\/p>\n<p><strong>MICHA\u0141 POKRYWKA <\/strong>\u00a0&#8211;\u00a0 absolwent Wy\u017cszej Szko\u0142y Pedagogiki i Administracji w Poznaniu, wychowanek klubu Olimpii Pozna\u0144 i AZS Pozna\u0144, medalista Mistrzostw Europy Junior\u00f3w, wielokrotny medalista Mistrzostw Polski Junior\u00f3w i Senior\u00f3w. Aktualnie odpowiedzialny jest za szkolenie m\u0142odzik\u00f3w, junior\u00f3w i senior\u00f3w kadry klubu.<\/p>\n<p><strong>MACIEJ N\u0118DZYK\u00a0 <\/strong>&#8211;\u00a0 instruktor judo, wychowanek klubu (wielokrotny reprezentant klubu w zawodach krajowych i zagranicznych),\u00a0 odpowiedzialny za treningi grupy kategorii sportowej m\u0142odzik i dzieci.<\/p>\n<p><b>AGNIESZKA KULECZKA &#8211; <\/b>wychowanka klubu Olimpia Pozna\u0144,\u00a0 instruktor judo, wielokrotna medalistka Mistrzostw Polski Juniorek i Seniorek, organizuje i prowadzi nab\u00f3r i selekcj\u0119 dzieci m\u0142odszych.<\/p>\n<p><b>GRZEGORZ FIUTKA &#8211; <\/b>instruktor judo,\u00a0wychowanek klubu UKS Dwunastka Leszno,\u00a0\u00a0organizuje i prowadzi nab\u00f3r i selekcj\u0119 dla doros\u0142ych.<\/p>\n","protected":false},"excerpt":{"rendered":"<p>Pozna\u0144ski Klub Sportowy Olimpia zatrudnia trener\u00f3w posiadaj\u0105cych wieloletnie do\u015bwiadczenie i w\u0142asne osi\u0105gni\u0119cia w judo: &nbsp; MARIUSZ GRO\u0143SKI \u00a0&#8211; absolwent Politechniki Pozna\u0144skiej, instruktor judo pierwszej klasy, wychowanek klubu Olimpia Pozna\u0144, zatrudniony od 1985r. prowadzi szkolenie m\u0142odzik\u00f3w, junior\u00f3w i senior\u00f3w kadry klubu oraz dzieci. MICHA\u0141 POKRYWKA \u00a0&#8211;\u00a0 absolwent Wy\u017cszej Szko\u0142y Pedagogiki i Administracji w Poznaniu, wychowanek klubu [&hellip;]<\/p>\n","protected":false},"author":1,"featured_media":0,"parent":403,"menu_order":0,"comment_status":"closed","ping_status":"closed","template":"","meta":[],"_links":{"self":[{"href":"http:\/\/www.judo-poznan.pl\/index.php?rest_route=\/wp\/v2\/pages\/24"}],"collection":[{"href":"http:\/\/www.judo-poznan.pl\/index.php?rest_route=\/wp\/v2\/pages"}],"about":[{"href":"http:\/\/www.judo-poznan.pl\/index.php?rest_route=\/wp\/v2\/types\/page"}],"author":[{"embeddable":true,"href":"http:\/\/www.judo-poznan.pl\/index.php?rest_route=\/wp\/v2\/users\/1"}],"replies":[{"embeddable":true,"href":"http:\/\/www.judo-poznan.pl\/index.php?rest_route=%2Fwp%2Fv2%2Fcomments&post=24"}],"version-history":[{"count":12,"href":"http:\/\/www.judo-poznan.pl\/index.php?rest_route=\/wp\/v2\/pages\/24\/revisions"}],"predecessor-version":[{"id":7507,"href":"http:\/\/www.judo-poznan.pl\/index.php?rest_route=\/wp\/v2\/pages\/24\/revisions\/7507"}],"up":[{"embeddable":true,"href":"http:\/\/www.judo-poznan.pl\/index.php?rest_route=\/wp\/v2\/pages\/403"}],"wp:attachment":[{"href":"http:\/\/www.judo-poznan.pl\/index.php?rest_route=%2Fwp%2Fv2%2Fmedia&parent=24"}],"curies":[{"name":"wp","href":"https:\/\/api.w.org\/{rel}","templated":true}]}}