{"id":30,"date":"2014-04-27T17:30:26","date_gmt":"2014-04-27T15:30:26","guid":{"rendered":"http:\/\/www.judo-poznan.pl\/?page_id=30"},"modified":"2025-08-31T21:16:56","modified_gmt":"2025-08-31T19:16:56","slug":"grafik","status":"publish","type":"page","link":"http:\/\/www.judo-poznan.pl\/?page_id=30","title":{"rendered":"Grafik zaj\u0119\u0107 sportowych"},"content":{"rendered":"<p><strong>W ramach akcji prowadzonej przez klub \u201eprzyjd\u017a, zobacz, spr\u00f3buj\u201d ka\u017cdy mo\u017ce rozpocz\u0105\u0107 nauk\u0119 tej japo\u0144skiej sztuki, a dopiero po 2 \u00a0pr\u00f3bnych nieodp\u0142atnych zaj\u0119ciach podj\u0105\u0107 decyzj\u0119 czy chce kontynuowa\u0107 nauk\u0119 na naszych matach.<\/strong><\/p>\n<p><strong>Treningi odbywaj\u0105 si\u0119 pod okiem wykwalifikowanych trener\u00f3w zgodnie z przedstawionym harmonogramem we wskazanych lokalizacjach.<\/strong><\/p>\n<p><strong>Zapisy u trener\u00f3w prowadz\u0105cych zaj\u0119cia.<\/strong><\/p>\n<p>Judo to olimpijska sztuka walki, kt\u00f3ra rozwija koordynacj\u0119 ruchow\u0105, w kt\u00f3rej przepisy wykluczaj\u0105 techniki i akcje niebezpieczne dla zdrowia.<\/p>\n<p>Treningi mo\u017cna rozpocz\u0105\u0107 ju\u017c w wieku przedszkolnym i kontynuowa\u0107 do ko\u0144ca \u017cycia.<\/p>\n<p>Jest to sport, w kt\u00f3rym nie sama si\u0142a i ci\u0119\u017car cia\u0142a, lecz szybko\u015b\u0107 i zr\u0119czno\u015b\u0107 decyduj\u0105 o sukcesie w walce, dlatego jest doskona\u0142e dla wszystkich: ma\u0142ych i du\u017cych, chudych i grubych, mniej i bardziej sprawnych ruchowo.\u00a0 Warto sw\u00f3j wolny czas sp\u0119dza\u0107 aktywnie!<\/p>\n<p>Treningi judo s\u0105 szans\u0105 na odreagowanie, pozbycie si\u0119 stresu, oderwanie od codziennych obowi\u0105zk\u00f3w lub po prostu zachowanie sprawno\u015bci fizycznej i dobrego zdrowia przez wiele lat.<\/p>\n<p>Pod czujnym okiem wykwalifikowanej kadry trenerskiej mo\u017cna pozna\u0107 w naszym klubie tajniki judo. Organizujemy zaj\u0119cia na macie, wakacyjne obozy judo oraz wyjazdy na turnieje.<\/p>\n<p>Zadbaj o prawid\u0142owy rozw\u00f3j swojego dziecka, zapisz je na judo do Pozna\u0144skiego Klubu Sportowego Olimpia.<strong> \u00a0Szkolimy dzieci i m\u0142odzie\u017c ju\u017c od ponad 50 lat!\u00a0\u00a0<\/strong><\/p>\n<p><strong>Pozna\u0144ski Kub Sportowy OLIMPIA zaprasza na zaj\u0119cia sportowe judo w nast\u0119puj\u0105cych lokalizacjach:<\/strong><\/p>\n<p><span style=\"text-decoration: underline;\"><strong>A. Lokalizacja ul. Szamarzewskiego 89<\/strong><\/span><\/p>\n<p><strong>Budynek Dydaktyczny UAM \u2013 Sala Judo<\/strong><\/p>\n<ol>\n<li><span style=\"text-decoration: underline;\"><strong><span style=\"color: #008000; text-decoration: underline;\">Trenerka prowadz\u0105ca: Agnieszka Kuleczka, 508\u00a0310\u00a0436<\/span><\/strong><\/span><\/li>\n<\/ol>\n<p><span style=\"text-decoration: underline;\">Grupa: Dzieci 3-4 lat<\/span> dni: wtorek, czwartek &#8211; godzina 16.30-17.10,<\/p>\n<p><span style=\"text-decoration: underline;\">Grupa: dzieci 5-7 lat<\/span>\u00a0wtorek, czwartek &#8211; godzina 17.10-18.00<\/p>\n<p><span style=\"text-decoration: underline;\">Grupa: dzieci +8 lat<\/span>\u00a0wtorek godzina 18.00-19.00, czwartek 17.00-18.00<\/p>\n<ol>\n<li><span style=\"text-decoration: underline;\"><span style=\"color: #339966; text-decoration: underline;\">\u00a0<strong>Trenerzy prowadz\u0105cy<\/strong>\u00a0<strong>\u00a0Maciej N\u0119dzyk<\/strong>\u00a0<strong><span style=\"color: #008000; text-decoration: underline;\">tel. 514-471-159<\/span><\/strong>\u00a0,\u00a0<span style=\"font-weight: bold;\">Mariusz Gro\u0144ski tel. 601-288-351<\/span><\/span><\/span><\/li>\n<\/ol>\n<p><span style=\"text-decoration: underline;\">Grupa: Dzieci i m\u0142odzie\u017c zaawansowana +7 lat <\/span>dni: poniedzia\u0142ek, \u015broda &#8211; godzina 16.30-18.00, pi\u0105tek 17.30-19.00<\/p>\n<p><strong><span style=\"color: #008000;\">\u00a0 \u00a0 \u00a0 \u00a02<\/span><\/strong><span style=\"text-decoration: underline;\"><strong><span style=\"color: #008000; text-decoration: underline;\">. Trener prowadz\u0105cy: Mariusz Gro\u0144ski tel. 601-288-351<\/span><\/strong><\/span><\/p>\n<p><span style=\"text-decoration: underline;\">\u00a0Grupa startowa\/zaawansowana :m\u0142odzik, junior m\u0142odszy, junior, senior <\/span>dni: poniedzia\u0142ek 16.30-18,00, wtorek 18.30-20.30, \u015broda 17.30-19.00, czwartek (Janickiego 22) 18.00-20.00 pi\u0105tek 17.30-20.30<\/p>\n<p><span style=\"text-decoration: underline;\"><strong>B. Lokalizacja SP 106 ul. Janickiego 22<\/strong><\/span><\/p>\n<ol>\n<li><span style=\"text-decoration: underline;\"><strong><span style=\"color: #008000; text-decoration: underline;\">Trenerzy prowadz\u0105cy: Mariusz Gro\u0144ski \u2013 tel. 601-288-351,<\/span><\/strong><\/span><\/li>\n<\/ol>\n<p><span style=\"text-decoration: underline;\">Grupa Dzieci : 5-6 lat\u00a0 \u00a0 d<\/span>ni: wtorek, czwartek \u2013 godzina 16.45-17.30<\/p>\n<p><span style=\"text-decoration: underline;\">Grupa Dzieci : +7 lat\u00a0 \u00a0 \u00a0 d<\/span>ni: wtorek, czwartek \u2013 godzina 17.30-18.15<\/p>\n<p><span style=\"text-decoration: underline;\">\u00a0Grupa dzieci +9 lat i starsi oraz\u00a0 m\u0142odzie\u017c &#8211; pocz\u0105tkuj\u0105ca\u00a0 \u00a0 \u00a0d<\/span>ni: poniedzia\u0142ek, \u015broda, pi\u0105tek \u2013 godzina 16.45-17.45<\/p>\n<p><span style=\"text-decoration: underline;\">Grupa zaawansowana\/startowa\u00a0 \u00a0 <\/span>czwartek \u2013 godzina 18.00-20.00<\/p>\n","protected":false},"excerpt":{"rendered":"<p>W ramach akcji prowadzonej przez klub \u201eprzyjd\u017a, zobacz, spr\u00f3buj\u201d ka\u017cdy mo\u017ce rozpocz\u0105\u0107 nauk\u0119 tej japo\u0144skiej sztuki, a dopiero po 2 \u00a0pr\u00f3bnych nieodp\u0142atnych zaj\u0119ciach podj\u0105\u0107 decyzj\u0119 czy chce kontynuowa\u0107 nauk\u0119 na naszych matach. Treningi odbywaj\u0105 si\u0119 pod okiem wykwalifikowanych trener\u00f3w zgodnie z przedstawionym harmonogramem we wskazanych lokalizacjach. Zapisy u trener\u00f3w prowadz\u0105cych zaj\u0119cia. Judo to olimpijska sztuka [&hellip;]<\/p>\n","protected":false},"author":1,"featured_media":0,"parent":0,"menu_order":7,"comment_status":"closed","ping_status":"closed","template":"","meta":[],"_links":{"self":[{"href":"http:\/\/www.judo-poznan.pl\/index.php?rest_route=\/wp\/v2\/pages\/30"}],"collection":[{"href":"http:\/\/www.judo-poznan.pl\/index.php?rest_route=\/wp\/v2\/pages"}],"about":[{"href":"http:\/\/www.judo-poznan.pl\/index.php?rest_route=\/wp\/v2\/types\/page"}],"author":[{"embeddable":true,"href":"http:\/\/www.judo-poznan.pl\/index.php?rest_route=\/wp\/v2\/users\/1"}],"replies":[{"embeddable":true,"href":"http:\/\/www.judo-poznan.pl\/index.php?rest_route=%2Fwp%2Fv2%2Fcomments&post=30"}],"version-history":[{"count":69,"href":"http:\/\/www.judo-poznan.pl\/index.php?rest_route=\/wp\/v2\/pages\/30\/revisions"}],"predecessor-version":[{"id":7598,"href":"http:\/\/www.judo-poznan.pl\/index.php?rest_route=\/wp\/v2\/pages\/30\/revisions\/7598"}],"wp:attachment":[{"href":"http:\/\/www.judo-poznan.pl\/index.php?rest_route=%2Fwp%2Fv2%2Fmedia&parent=30"}],"curies":[{"name":"wp","href":"https:\/\/api.w.org\/{rel}","templated":true}]}}