{"id":34,"date":"2014-04-27T17:30:49","date_gmt":"2014-04-27T15:30:49","guid":{"rendered":"http:\/\/www.judo-poznan.pl\/?page_id=34"},"modified":"2022-12-17T19:32:46","modified_gmt":"2022-12-17T18:32:46","slug":"kontakt","status":"publish","type":"page","link":"http:\/\/www.judo-poznan.pl\/?page_id=34","title":{"rendered":"Kontakt"},"content":{"rendered":"<h1><strong>Pozna\u0144ski Klub Sportowy Olimpia<\/strong><\/h1>\n<h2><span style=\"text-decoration: underline;\">Siedziba Zarz\u0105du<\/span><\/h2>\n<h2>ul. Wawrzy\u0144ca Engenstr\u00f6ma\u00a0<strong>4\/3<\/strong><\/h2>\n<h2><strong>60-374 Pozna\u0144<\/strong><\/h2>\n<p>&nbsp;<\/p>\n<h2><strong>NIP: <\/strong>779-240-38-39<\/h2>\n<h2><strong>Nr konta bankowego: <\/strong>Millennium Bank 09 1160 2202 0000 0002 0904 2820<\/h2>\n<h2><strong>mail: kontakt@judo-poznan.pl\u00a0<\/strong><\/h2>\n<h2><strong>Tel. 601-288-351 Mariusz Gro\u0144ski <\/strong><\/h2>\n<h2><\/h2>\n<h2><span style=\"text-decoration: underline;\"><strong>Biuro, Ksi\u0119gowo\u015b\u0107<\/strong><\/span><\/h2>\n<h2><strong>ul. Wawrzy\u0144ca\u00a0<\/strong>Engenstr\u00f6ma\u00a0<strong>4\/3\u00a0<\/strong><\/h2>\n<h2><strong> 60-374 Pozna\u0144<\/strong><\/h2>\n<h2>Ma\u0142gorzata Rogala telefon: 507052112<\/h2>\n<h2><strong>Monika Szafra\u0144ska telefon: 531719618<\/strong><\/h2>\n<p>&nbsp;<\/p>\n","protected":false},"excerpt":{"rendered":"<p>Pozna\u0144ski Klub Sportowy Olimpia Siedziba Zarz\u0105du ul. Wawrzy\u0144ca Engenstr\u00f6ma\u00a04\/3 60-374 Pozna\u0144 &nbsp; NIP: 779-240-38-39 Nr konta bankowego: Millennium Bank 09 1160 2202 0000 0002 0904 2820 mail: kontakt@judo-poznan.pl\u00a0 Tel. 601-288-351 Mariusz Gro\u0144ski Biuro, Ksi\u0119gowo\u015b\u0107 ul. Wawrzy\u0144ca\u00a0Engenstr\u00f6ma\u00a04\/3\u00a0 60-374 Pozna\u0144 Ma\u0142gorzata Rogala telefon: 507052112 Monika Szafra\u0144ska telefon: 531719618 &nbsp;<\/p>\n","protected":false},"author":1,"featured_media":0,"parent":0,"menu_order":7,"comment_status":"closed","ping_status":"closed","template":"","meta":[],"_links":{"self":[{"href":"http:\/\/www.judo-poznan.pl\/index.php?rest_route=\/wp\/v2\/pages\/34"}],"collection":[{"href":"http:\/\/www.judo-poznan.pl\/index.php?rest_route=\/wp\/v2\/pages"}],"about":[{"href":"http:\/\/www.judo-poznan.pl\/index.php?rest_route=\/wp\/v2\/types\/page"}],"author":[{"embeddable":true,"href":"http:\/\/www.judo-poznan.pl\/index.php?rest_route=\/wp\/v2\/users\/1"}],"replies":[{"embeddable":true,"href":"http:\/\/www.judo-poznan.pl\/index.php?rest_route=%2Fwp%2Fv2%2Fcomments&post=34"}],"version-history":[{"count":19,"href":"http:\/\/www.judo-poznan.pl\/index.php?rest_route=\/wp\/v2\/pages\/34\/revisions"}],"predecessor-version":[{"id":7073,"href":"http:\/\/www.judo-poznan.pl\/index.php?rest_route=\/wp\/v2\/pages\/34\/revisions\/7073"}],"wp:attachment":[{"href":"http:\/\/www.judo-poznan.pl\/index.php?rest_route=%2Fwp%2Fv2%2Fmedia&parent=34"}],"curies":[{"name":"wp","href":"https:\/\/api.w.org\/{rel}","templated":true}]}}