{"id":14,"date":"2014-04-27T17:28:38","date_gmt":"2014-04-27T15:28:38","guid":{"rendered":"http:\/\/www.judo-poznan.pl\/?page_id=14"},"modified":"2025-08-31T21:29:29","modified_gmt":"2025-08-31T19:29:29","slug":"informacje-o-klubie","status":"publish","type":"page","link":"https:\/\/www.judo-poznan.pl\/?page_id=14","title":{"rendered":"Informacje o klubie"},"content":{"rendered":"<p>Pozna\u0144ski Klub Sportowy OLIMPIA to klub z 50-letni\u0105 tradycj\u0105 sportow\u0105 w judo. Kolejno przechodzi swoje przemiany z GKS Olimpia do TS Olimpia a od 1 marca 2012r.\u00a0 z dotychczasowej sekcji judo powsta\u0142 Pozna\u0144ski Klub Sportowy OLIMPIA.<\/p>\n<p>Pozna\u0144ski Klub Sportowy OLIMPIA\u00a0 jest stowarzyszeniem dzia\u0142aj\u0105cym jako m\u0142odzie\u017cowy o\u015brodek trening\u00f3w judo i rekreacji sportowej. Celem Klubu jest szkolenie w dyscyplinie sportowej judo i propagowanie czynnego uprawiania tej dyscypliny w\u015br\u00f3d dzieci, m\u0142odzie\u017cy i student\u00f3w.<\/p>\n<p>Szczeg\u00f3ln\u0105 uwag\u0119\u00a0 po\u015bwi\u0119camy treningowi ma\u0142ych dzieci. Zaj\u0119cia sportowe prowadzone s\u0105 od wrze\u015bnia do czerwca. W okresie ferii organizujemy obozy sportowe i zgrupowania szkoleniowe.<\/p>\n<p><strong>Pozna\u0144ski Klub Sportowy Olimpia\u201d uczestniczy w programie M\u0142odzie\u017cowe Centrum Sportu \u2013 JUDO pod nadzorem i kontrol\u0105 Wydzia\u0142u Sportu Urz\u0119du Miasta Poznania. <\/strong><\/p>\n<p>Projekt jest wsp\u00f3\u0142finansowany ze \u015brodk\u00f3w\u00a0 Miasta Poznania.<\/p>\n<p><a href=\"http:\/\/www.judo-poznan.pl\/wp-content\/uploads\/2014\/04\/ga-eoom13-poznan-logo.png\"><img decoding=\"async\" loading=\"lazy\" class=\"alignnone size-medium wp-image-912\" src=\"http:\/\/www.judo-poznan.pl\/wp-content\/uploads\/2014\/04\/ga-eoom13-poznan-logo-300x75.png\" alt=\"ga-eoom13-poznan-logo\" width=\"300\" height=\"75\" srcset=\"https:\/\/www.judo-poznan.pl\/wp-content\/uploads\/2014\/04\/ga-eoom13-poznan-logo-300x75.png 300w, https:\/\/www.judo-poznan.pl\/wp-content\/uploads\/2014\/04\/ga-eoom13-poznan-logo.png 1000w\" sizes=\"(max-width: 300px) 100vw, 300px\" \/><\/a><\/p>\n","protected":false},"excerpt":{"rendered":"<p>Pozna\u0144ski Klub Sportowy OLIMPIA to klub z 50-letni\u0105 tradycj\u0105 sportow\u0105 w judo. Kolejno przechodzi swoje przemiany z GKS Olimpia do TS Olimpia a od 1 marca 2012r.\u00a0 z dotychczasowej sekcji judo powsta\u0142 Pozna\u0144ski Klub Sportowy OLIMPIA. Pozna\u0144ski Klub Sportowy OLIMPIA\u00a0 jest stowarzyszeniem dzia\u0142aj\u0105cym jako m\u0142odzie\u017cowy o\u015brodek trening\u00f3w judo i rekreacji sportowej. Celem Klubu jest szkolenie [&hellip;]<\/p>\n","protected":false},"author":1,"featured_media":0,"parent":403,"menu_order":0,"comment_status":"closed","ping_status":"closed","template":"","meta":[],"_links":{"self":[{"href":"https:\/\/www.judo-poznan.pl\/index.php?rest_route=\/wp\/v2\/pages\/14"}],"collection":[{"href":"https:\/\/www.judo-poznan.pl\/index.php?rest_route=\/wp\/v2\/pages"}],"about":[{"href":"https:\/\/www.judo-poznan.pl\/index.php?rest_route=\/wp\/v2\/types\/page"}],"author":[{"embeddable":true,"href":"https:\/\/www.judo-poznan.pl\/index.php?rest_route=\/wp\/v2\/users\/1"}],"replies":[{"embeddable":true,"href":"https:\/\/www.judo-poznan.pl\/index.php?rest_route=%2Fwp%2Fv2%2Fcomments&post=14"}],"version-history":[{"count":5,"href":"https:\/\/www.judo-poznan.pl\/index.php?rest_route=\/wp\/v2\/pages\/14\/revisions"}],"predecessor-version":[{"id":7601,"href":"https:\/\/www.judo-poznan.pl\/index.php?rest_route=\/wp\/v2\/pages\/14\/revisions\/7601"}],"up":[{"embeddable":true,"href":"https:\/\/www.judo-poznan.pl\/index.php?rest_route=\/wp\/v2\/pages\/403"}],"wp:attachment":[{"href":"https:\/\/www.judo-poznan.pl\/index.php?rest_route=%2Fwp%2Fv2%2Fmedia&parent=14"}],"curies":[{"name":"wp","href":"https:\/\/api.w.org\/{rel}","templated":true}]}}