{"id":20,"date":"2014-04-27T17:29:13","date_gmt":"2014-04-27T15:29:13","guid":{"rendered":"http:\/\/www.judo-poznan.pl\/?page_id=20"},"modified":"2014-08-24T19:50:09","modified_gmt":"2014-08-24T17:50:09","slug":"nasze-osiagniecia","status":"publish","type":"page","link":"https:\/\/www.judo-poznan.pl\/?page_id=20","title":{"rendered":"Nasze osi\u0105gni\u0119cia w judo"},"content":{"rendered":"<p class=\"wP3\">Aktualne wyniki:<\/p>\n<p class=\"wP2\"><span class=\"wT1\">W judo kobiet juniorka <\/span><span class=\"wT3\">Anna Walkowiak<\/span><span class=\"wT1\">, wielokrotna medalistka Puchar\u00f3w Polski Juniorek M\u0142odszych i Juniorek, reprezentantka kraju w zawodach mi\u0119dzynarodowych, ma szans\u0119 do\u0142\u0105czy\u0107 do grona Mistrzy\u0144. Jest cz\u0142onkiem kadry narodowej Junior\u00f3w, uczestniczy w szkoleniu kadr w Cemtniewie.<\/span><\/p>\n<p class=\"wP2\"><span class=\"wT1\">M\u0142odziczki <\/span><span class=\"wT3\">Weronika N\u0119dzyk oraz Kinga Kostera<\/span><span class=\"wT1\"> reprezentuj\u0105c Klub w zawodach krajowych i zagranicznych zdobywaj\u0105 liczne tytu\u0142y i medale. Zawodniczki nale\u017c\u0105 do kadry Wielkopolski i s\u0105\u00a0<\/span>nadziej\u0105 naszego klubu.<\/p>\n<p class=\"wP1\">W judo m\u0119\u017cczyzn <span class=\"wT2\">Micha\u0142 Gr\u0105ziowski<\/span> zdoby\u0142 br\u0105zowy medal w Og\u00f3lnopolskiej Olimpiadzie M\u0142odzie\u017cy w Judo\u00a0 (2014r) jako jedyny Poznaniak. Jest cz\u0142onkiem kadry narodowej Junior\u00f3w, uczestniczy w szkoleniu kadr w Cetniewie.<\/p>\n","protected":false},"excerpt":{"rendered":"<p>Aktualne wyniki: W judo kobiet juniorka Anna Walkowiak, wielokrotna medalistka Puchar\u00f3w Polski Juniorek M\u0142odszych i Juniorek, reprezentantka kraju w zawodach mi\u0119dzynarodowych, ma szans\u0119 do\u0142\u0105czy\u0107 do grona Mistrzy\u0144. Jest cz\u0142onkiem kadry narodowej Junior\u00f3w, uczestniczy w szkoleniu kadr w Cemtniewie. M\u0142odziczki Weronika N\u0119dzyk oraz Kinga Kostera reprezentuj\u0105c Klub w zawodach krajowych i zagranicznych zdobywaj\u0105 liczne tytu\u0142y i [&hellip;]<\/p>\n","protected":false},"author":1,"featured_media":0,"parent":403,"menu_order":0,"comment_status":"closed","ping_status":"closed","template":"","meta":[],"_links":{"self":[{"href":"https:\/\/www.judo-poznan.pl\/index.php?rest_route=\/wp\/v2\/pages\/20"}],"collection":[{"href":"https:\/\/www.judo-poznan.pl\/index.php?rest_route=\/wp\/v2\/pages"}],"about":[{"href":"https:\/\/www.judo-poznan.pl\/index.php?rest_route=\/wp\/v2\/types\/page"}],"author":[{"embeddable":true,"href":"https:\/\/www.judo-poznan.pl\/index.php?rest_route=\/wp\/v2\/users\/1"}],"replies":[{"embeddable":true,"href":"https:\/\/www.judo-poznan.pl\/index.php?rest_route=%2Fwp%2Fv2%2Fcomments&post=20"}],"version-history":[{"count":4,"href":"https:\/\/www.judo-poznan.pl\/index.php?rest_route=\/wp\/v2\/pages\/20\/revisions"}],"predecessor-version":[{"id":743,"href":"https:\/\/www.judo-poznan.pl\/index.php?rest_route=\/wp\/v2\/pages\/20\/revisions\/743"}],"up":[{"embeddable":true,"href":"https:\/\/www.judo-poznan.pl\/index.php?rest_route=\/wp\/v2\/pages\/403"}],"wp:attachment":[{"href":"https:\/\/www.judo-poznan.pl\/index.php?rest_route=%2Fwp%2Fv2%2Fmedia&parent=20"}],"curies":[{"name":"wp","href":"https:\/\/api.w.org\/{rel}","templated":true}]}}