{"id":22,"date":"2014-04-27T17:29:25","date_gmt":"2014-04-27T15:29:25","guid":{"rendered":"http:\/\/www.judo-poznan.pl\/?page_id=22"},"modified":"2014-08-24T19:53:54","modified_gmt":"2014-08-24T17:53:54","slug":"nasza-historia","status":"publish","type":"page","link":"https:\/\/www.judo-poznan.pl\/?page_id=22","title":{"rendered":"Historia Olimpii"},"content":{"rendered":"<p>W 40-letniej dzia\u0142alno\u015bci w judo Olimpia wyszkoli\u0142a wielu reprezentant\u00f3w kraju, medalist\u00f3w Mistrzostw \u015awiata i Europy.<\/p>\n<p><strong>W naszej historii:<\/strong><\/p>\n<ul>\n<li>Jacek Beutler<\/li>\n<\/ul>\n<p>Wychowanek klubu. Uczestnik IO w Seulu otar\u0142 si\u0119 o medal zajmuj\u0105c 5-miejsce tu\u017c za podium. Wcze\u015bniej odnosi\u0142 spektakularne zwyci\u0119stwa zdobywaj\u0105c medale w Akademickich Mistrzostwach \u015awiata i Mistrzostwach Europy Junior\u00f3w. Wielokrotny medalista Mistrzostw Polski Senior\u00f3w.<\/p>\n<ul>\n<li>Przemys\u0142aw Dyczkowski<\/li>\n<\/ul>\n<p>Wychowanek klubu, wielokrotny reprezentant Polski, medalista Mistrzostw Europy Junir\u00f3w M\u0142 i Junior\u00f3w, wielokrotny medalista Mistrzostw Polski Senior\u00f3w.<\/p>\n<ul>\n<li>Miros\u0142aw Rybczonek<\/li>\n<\/ul>\n<p>Dwukrotny Mistrz Polski Senior\u00f3w, reprezentant Polski w zawodach mi\u0119dzynarodowych.<\/p>\n<ul>\n<li>Roman Kapelski<\/li>\n<\/ul>\n<p>Wychowanek klubu, Mistrz Polski Senior\u00f3w, reprezentant Polski w zawodach mi\u0119dzynarodowych.<\/p>\n<ul>\n<li>Pawe\u0142 Szwedziak<\/li>\n<\/ul>\n<p>Wychowanek klubu, wielokrotny medalista Mistrzostw Polski Junior\u00f3w i Senior\u00f3w. Po zako\u0144czonej karierze przez wiele lat prowadzi\u0142 prac\u0119 trenersk\u0105 z m\u0142odzie\u017c\u0105 zdobywaj\u0105c medale dla Poznania.<\/p>\n<ul>\n<li>Micha\u0142 Pokrywka<\/li>\n<\/ul>\n<p>Wychowanek klubu, medalista Mistrzostw Europy Junior\u00f3w, dwukrotny medalista Mistrzostw Polski Senior\u00f3w, reprezentant Polski w zawodach mi\u0119dzynarodowych.<\/p>\n<p>&nbsp;<\/p>\n<p>Od 1992r. pod opiek\u0105 trenera Paw\u0142a Szwedziaka pierwszy medal w Mistrzostwach Polski w\u015br\u00f3d kobiet wywalczy\u0142a Anna Brzycka. Pierwszy medal w Mistrzostwach Polski Seniorek dla naszego klubu zdoby\u0142a Agnieszka Szaj.<\/p>\n<p>Osi\u0105gni\u0119cia indywidualne:<\/p>\n<p>Medalistki Mistrzostw Polski (M\u0141ODZICZKI):<\/p>\n<p>Z\u0142oto: M. G\u0104SIOR,\u00a0 A. ANTCZAK, B. JOPEK<\/p>\n<p>Srebro: M. LESZNER<\/p>\n<p>Br\u0105z: M. WOJTKOWIAK,\u00a0 A. PIECHOWIAK , K. DZI\u0104BOR,\u00a0 A. JA\u015aNIAK, T. LASIK, A. KOTECKA<\/p>\n<p>Medalistki Mistrzostw Polski (KADETKI):<\/p>\n<p>Z\u0142oto: A. ANTCZAK,\u00a0 A.BOSEK<\/p>\n<p>Srebro: A.POPRAWA<\/p>\n<p>Br\u0105z: A. BOSEK<\/p>\n<p>Medalistki Mistrzostw Polski (JUNIORKI):<\/p>\n<p>Z\u0142oto: A. SZAJ,\u00a0 A. KOTECKA<\/p>\n<p>Br\u0105z: A. BOSEK, A. SZAJ, M. PACIORKOWSKA, A. POPRAWA.<\/p>\n<p>Medalistki Mistrzostw Polski (M\u0141ODZIE\u017bY):<\/p>\n<p>Z\u0142oto: M. DUDA<\/p>\n<p>Srebro: A. POPRAWA<\/p>\n<p>Br\u0105z: M. PEJKA , A. SZAJ, M. DUDA, T. LASIK, B. JOPEK<\/p>\n<p>Og\u00f3lnopolska Olimpiada M\u0142odzie\u017cy<\/p>\n<p>Z\u0142oto: A. ANTCZAK. A. KOTECKA<\/p>\n<p>Srebro: A. POPRAWA, A. BOSEK, A. JA\u015aNIAK, E. CIE\u015aLEWICZ<\/p>\n<p>Br\u0105z: M. CA\u0141UJEK, K.DZI\u0104BOR, M. KUSZA<\/p>\n<p>Medalistki Mistrzostw Polski (SENIORKI):<\/p>\n<p>Br\u0105z: A. SZAJ<\/p>\n<p>Osi\u0105gni\u0119cia dru\u017cynowe:<\/p>\n<p>BR\u0104Z &#8211;\u00a0 Dru\u017cynowe Mistrzostwa Polski (KADETKI). Barwy TS OLIMPIA pod opiek\u0105 trenera P. Szwedziaka reprezentowa\u0142y:<\/p>\n<p>P. RACHUBA, E. J\u00d3ZEFOWSKA, T. LASIK, A. D\u0104BROWSKA, A. ANTCZAK, K. GNIAZDEK, A. BOSEK,\u00a0 A. JA\u015aNIAK, E. SZCZEPOCKA,\u00a0 A. POPRAWA, J. WOCHNIK i K. DZI\u0104BOR.<\/p>\n<p>SREBRO &#8211; Dru\u017cynowe Mistrzostwa Polski (KADETKI) pod opiek\u0105 trenera P. Szwedziaka wywalczy\u0142y:<\/p>\n<p>A. ROZBICKA, P.RACHUBA, A.BOSEK, A.ANTCZAK, A. POPRAWA, K. GNIADEK, K. DZI\u0104BOR, T. LASIK, A. KWASI\u017bUR, A. D\u0104BROWSKA, A. JA\u015aNIK.<\/p>\n<p>BR\u0104Z &#8211; Dru\u017cynowe Mistrzostwa Polski (JUNIORKI M\u0141ODSZE) pod opiek\u0105 P. Szwedziaka startowa\u0142y:<\/p>\n<p>J. WITKOWSKA, M. SOBCZAK, A. NAPIERA\u0141A, Z. \u0141UKANUS,\u00a0 A. SZYMCZAK, K. PIOTROWSKA,\u00a0 E. WAWRZYNIAK, A. GO\u0141ASZEWSKA, W. PIECHOCKA.<\/p>\n<p>SREBRO &#8211;\u00a0 Dru\u017cynowe Mistrzostwa Polski (JUNIORKI)\u00a0 pod opiek\u0105 trenera P. Szwedziaka zdoby\u0142y:<\/p>\n<p>T. LASIK, B. JOPEK, A. KOTECKA, J. PIOTROWSKA, A. D\u0104BROWSKA, K. DZI\u0104BOR, E. CIE\u015aLEWICZ, E. J\u00d3ZEFOWSKA, M. JOPEK.<\/p>\n","protected":false},"excerpt":{"rendered":"<p>W 40-letniej dzia\u0142alno\u015bci w judo Olimpia wyszkoli\u0142a wielu reprezentant\u00f3w kraju, medalist\u00f3w Mistrzostw \u015awiata i Europy. W naszej historii: Jacek Beutler Wychowanek klubu. Uczestnik IO w Seulu otar\u0142 si\u0119 o medal zajmuj\u0105c 5-miejsce tu\u017c za podium. Wcze\u015bniej odnosi\u0142 spektakularne zwyci\u0119stwa zdobywaj\u0105c medale w Akademickich Mistrzostwach \u015awiata i Mistrzostwach Europy Junior\u00f3w. Wielokrotny medalista Mistrzostw Polski Senior\u00f3w. Przemys\u0142aw [&hellip;]<\/p>\n","protected":false},"author":1,"featured_media":0,"parent":403,"menu_order":0,"comment_status":"closed","ping_status":"closed","template":"","meta":[],"_links":{"self":[{"href":"https:\/\/www.judo-poznan.pl\/index.php?rest_route=\/wp\/v2\/pages\/22"}],"collection":[{"href":"https:\/\/www.judo-poznan.pl\/index.php?rest_route=\/wp\/v2\/pages"}],"about":[{"href":"https:\/\/www.judo-poznan.pl\/index.php?rest_route=\/wp\/v2\/types\/page"}],"author":[{"embeddable":true,"href":"https:\/\/www.judo-poznan.pl\/index.php?rest_route=\/wp\/v2\/users\/1"}],"replies":[{"embeddable":true,"href":"https:\/\/www.judo-poznan.pl\/index.php?rest_route=%2Fwp%2Fv2%2Fcomments&post=22"}],"version-history":[{"count":4,"href":"https:\/\/www.judo-poznan.pl\/index.php?rest_route=\/wp\/v2\/pages\/22\/revisions"}],"predecessor-version":[{"id":748,"href":"https:\/\/www.judo-poznan.pl\/index.php?rest_route=\/wp\/v2\/pages\/22\/revisions\/748"}],"up":[{"embeddable":true,"href":"https:\/\/www.judo-poznan.pl\/index.php?rest_route=\/wp\/v2\/pages\/403"}],"wp:attachment":[{"href":"https:\/\/www.judo-poznan.pl\/index.php?rest_route=%2Fwp%2Fv2%2Fmedia&parent=22"}],"curies":[{"name":"wp","href":"https:\/\/api.w.org\/{rel}","templated":true}]}}