{"id":26,"date":"2014-04-27T17:29:48","date_gmt":"2014-04-27T15:29:48","guid":{"rendered":"http:\/\/www.judo-poznan.pl\/?page_id=26"},"modified":"2025-08-31T21:23:27","modified_gmt":"2025-08-31T19:23:27","slug":"zarzad","status":"publish","type":"page","link":"https:\/\/www.judo-poznan.pl\/?page_id=26","title":{"rendered":"Zarz\u0105d PKS Olimpia"},"content":{"rendered":"<p><strong>Zarz\u0105d Pozna\u0144skiego Klubu Sportowego OLIMPIA:<\/strong><\/p>\n<ol>\n<li><strong>Mariusz Gro\u0144ski &#8211; Prezes Zarz\u0105du<\/strong><\/li>\n<li><strong>Maciej N\u0119dzyk \u2013 Cz\u0142onek Zarz\u0105du<\/strong><\/li>\n<li><strong>Monika Szafra\u0144ska \u2013 Cz\u0142onek Zarz\u0105du<\/strong><\/li>\n<li><strong>Konrad Jewtuch \u2013 Cz\u0142onek Zarz\u0105du<\/strong><\/li>\n<li><strong>Arkadiusz Arusztowicz &#8211; Cz\u0142onek Zarz\u0105du<\/strong><\/li>\n<\/ol>\n<p><strong>Komisja Rewizyjna:<\/strong><\/p>\n<p><strong>\u00a0 \u00a0 \u00a0 \u00a0 1. Pawe\u0142 Jewtuch &#8211; Przewodnicz\u0105cy<\/strong><\/p>\n<p><strong>\u00a0 \u00a0 \u00a0 \u00a02. Patryk Czado &#8211; Cz\u0142onek<\/strong><\/p>\n<p><strong>\u00a0 \u00a0 \u00a0 \u00a0 3. Wojciech Koz\u0142owski \u2013 Cz\u0142onek<\/strong><\/p>\n<p><strong>Komisja Sportowa:<\/strong><\/p>\n<p>&#8211;\u00a0\u00a0\u00a0\u00a0<strong>\u00a0\u00a0\u00a0\u00a0\u00a0\u00a0 Mariusz Gro\u0144ski <\/strong><\/p>\n<p><strong>&#8211; \u00a0\u00a0\u00a0\u00a0\u00a0\u00a0\u00a0\u00a0\u00a0 Micha\u0142 Pokrywka\u00a0<\/strong><\/p>\n<p><strong>&#8211;\u00a0\u00a0\u00a0\u00a0\u00a0\u00a0\u00a0\u00a0\u00a0\u00a0 Maciej N\u0119dzyk,<\/strong><\/p>\n<p style=\"text-align: left;\"><strong>&#8211;\u00a0 \u00a0 \u00a0 \u00a0 \u00a0 Robert Grze\u015bkowiak<\/strong><\/p>\n<p style=\"text-align: left;\">&#8211;\u00a0 \u00a0 \u00a0 \u00a0 <strong>\u00a0 \u00a0Grzegorz Fiutka<\/strong><\/p>\n<p style=\"text-align: left;\">&#8211;\u00a0 \u00a0 \u00a0 \u00a0 \u00a0\u00a0<strong>Agnieszka Kuleczka<\/strong><\/p>\n<p>&#8211; \u00a0 \u00a0 \u00a0 \u00a0 <strong>\u00a0Konrad Jewtuch<\/strong><\/p>\n<p>&#8211;\u00a0 \u00a0 \u00a0 \u00a0 \u00a0 <strong>Karol Jewtuch<\/strong><\/p>\n","protected":false},"excerpt":{"rendered":"<p>Zarz\u0105d Pozna\u0144skiego Klubu Sportowego OLIMPIA: Mariusz Gro\u0144ski &#8211; Prezes Zarz\u0105du Maciej N\u0119dzyk \u2013 Cz\u0142onek Zarz\u0105du Monika Szafra\u0144ska \u2013 Cz\u0142onek Zarz\u0105du Konrad Jewtuch \u2013 Cz\u0142onek Zarz\u0105du Arkadiusz Arusztowicz &#8211; Cz\u0142onek Zarz\u0105du Komisja Rewizyjna: \u00a0 \u00a0 \u00a0 \u00a0 1. Pawe\u0142 Jewtuch &#8211; Przewodnicz\u0105cy \u00a0 \u00a0 \u00a0 \u00a02. Patryk Czado &#8211; Cz\u0142onek \u00a0 \u00a0 \u00a0 \u00a0 3. Wojciech [&hellip;]<\/p>\n","protected":false},"author":1,"featured_media":0,"parent":403,"menu_order":0,"comment_status":"closed","ping_status":"closed","template":"","meta":[],"_links":{"self":[{"href":"https:\/\/www.judo-poznan.pl\/index.php?rest_route=\/wp\/v2\/pages\/26"}],"collection":[{"href":"https:\/\/www.judo-poznan.pl\/index.php?rest_route=\/wp\/v2\/pages"}],"about":[{"href":"https:\/\/www.judo-poznan.pl\/index.php?rest_route=\/wp\/v2\/types\/page"}],"author":[{"embeddable":true,"href":"https:\/\/www.judo-poznan.pl\/index.php?rest_route=\/wp\/v2\/users\/1"}],"replies":[{"embeddable":true,"href":"https:\/\/www.judo-poznan.pl\/index.php?rest_route=%2Fwp%2Fv2%2Fcomments&post=26"}],"version-history":[{"count":16,"href":"https:\/\/www.judo-poznan.pl\/index.php?rest_route=\/wp\/v2\/pages\/26\/revisions"}],"predecessor-version":[{"id":7600,"href":"https:\/\/www.judo-poznan.pl\/index.php?rest_route=\/wp\/v2\/pages\/26\/revisions\/7600"}],"up":[{"embeddable":true,"href":"https:\/\/www.judo-poznan.pl\/index.php?rest_route=\/wp\/v2\/pages\/403"}],"wp:attachment":[{"href":"https:\/\/www.judo-poznan.pl\/index.php?rest_route=%2Fwp%2Fv2%2Fmedia&parent=26"}],"curies":[{"name":"wp","href":"https:\/\/api.w.org\/{rel}","templated":true}]}}