{"id":697,"date":"2014-05-18T14:26:56","date_gmt":"2014-05-18T12:26:56","guid":{"rendered":"http:\/\/www.judo-poznan.pl\/?page_id=697"},"modified":"2018-04-11T16:21:07","modified_gmt":"2018-04-11T14:21:07","slug":"strona-glowna-2","status":"publish","type":"page","link":"https:\/\/www.judo-poznan.pl\/","title":{"rendered":"Strona g\u0142\u00f3wna"},"content":{"rendered":"<h1>Aktualno\u015bci<\/h1>\n<div class=\"fusion-blog-shortcode fusion-blog-medium-alternate fusion-blog-pagination\"><div class=\"fusion-posts-container posts-container-pagination\"><\/div><div class='pagination clearfix'><\/div>\n<\/div>\n","protected":false},"excerpt":{"rendered":"<p>Aktualno\u015bci<\/p>\n","protected":false},"author":1,"featured_media":0,"parent":0,"menu_order":2,"comment_status":"closed","ping_status":"closed","template":"page-home.php","meta":[],"_links":{"self":[{"href":"https:\/\/www.judo-poznan.pl\/index.php?rest_route=\/wp\/v2\/pages\/697"}],"collection":[{"href":"https:\/\/www.judo-poznan.pl\/index.php?rest_route=\/wp\/v2\/pages"}],"about":[{"href":"https:\/\/www.judo-poznan.pl\/index.php?rest_route=\/wp\/v2\/types\/page"}],"author":[{"embeddable":true,"href":"https:\/\/www.judo-poznan.pl\/index.php?rest_route=\/wp\/v2\/users\/1"}],"replies":[{"embeddable":true,"href":"https:\/\/www.judo-poznan.pl\/index.php?rest_route=%2Fwp%2Fv2%2Fcomments&post=697"}],"version-history":[{"count":30,"href":"https:\/\/www.judo-poznan.pl\/index.php?rest_route=\/wp\/v2\/pages\/697\/revisions"}],"predecessor-version":[{"id":3233,"href":"https:\/\/www.judo-poznan.pl\/index.php?rest_route=\/wp\/v2\/pages\/697\/revisions\/3233"}],"wp:attachment":[{"href":"https:\/\/www.judo-poznan.pl\/index.php?rest_route=%2Fwp%2Fv2%2Fmedia&parent=697"}],"curies":[{"name":"wp","href":"https:\/\/api.w.org\/{rel}","templated":true}]}}